{"id":1873,"date":"2024-10-31T18:05:00","date_gmt":"2024-10-31T18:05:00","guid":{"rendered":"https:\/\/havanajourneys.com\/?page_id=1873"},"modified":"2024-10-31T20:35:16","modified_gmt":"2024-10-31T20:35:16","slug":"e-visa-for-cuba","status":"publish","type":"page","link":"https:\/\/havanajourneys.com\/fr\/e-visa-for-cuba\/","title":{"rendered":"E-visa pour Cuba"},"content":{"rendered":"<div class=\"wp-block-media-text is-stacked-on-mobile\"><figure class=\"wp-block-media-text__media\"><img loading=\"lazy\" decoding=\"async\" width=\"778\" height=\"541\" src=\"https:\/\/havanajourneys.com\/wp-content\/uploads\/2024\/10\/e-visa-cuba.jpg\" alt=\"\" class=\"wp-image-1874 size-full\" srcset=\"https:\/\/havanajourneys.com\/wp-content\/uploads\/2024\/10\/e-visa-cuba.jpg 778w, https:\/\/havanajourneys.com\/wp-content\/uploads\/2024\/10\/e-visa-cuba-300x209.jpg 300w, https:\/\/havanajourneys.com\/wp-content\/uploads\/2024\/10\/e-visa-cuba-768x534.jpg 768w, https:\/\/havanajourneys.com\/wp-content\/uploads\/2024\/10\/e-visa-cuba-18x12.jpg 18w\" sizes=\"auto, (max-width: 778px) 100vw, 778px\" \/><\/figure><div class=\"wp-block-media-text__content\">\n<p class=\"has-medium-font-size\"><strong>Tout sur la nouvelle proc\u00e9dure.<\/strong><\/p>\n<\/div><\/div>\n\n\n\n<h2 class=\"wp-block-heading has-medium-font-size\" id=\"h-follow-us-for-more-content\"><strong>Suivez-nous pour plus de contenu<\/strong><\/h2>\n\n\n\n<ul class=\"wp-block-social-links is-layout-flex wp-block-social-links-is-layout-flex\"><li class=\"wp-social-link wp-social-link-instagram  wp-block-social-link\"><a href=\"https:\/\/www.instagram.com\/havanajourneys_tours\/\" class=\"wp-block-social-link-anchor\"><svg width=\"24\" height=\"24\" viewbox=\"0 0 24 24\" version=\"1.1\" xmlns=\"http:\/\/www.w3.org\/2000\/svg\" aria-hidden=\"true\" focusable=\"false\"><path d=\"M12,4.622c2.403,0,2.688,0.009,3.637,0.052c0.877,0.04,1.354,0.187,1.671,0.31c0.42,0.163,0.72,0.358,1.035,0.673 c0.315,0.315,0.51,0.615,0.673,1.035c0.123,0.317,0.27,0.794,0.31,1.671c0.043,0.949,0.052,1.234,0.052,3.637 s-0.009,2.688-0.052,3.637c-0.04,0.877-0.187,1.354-0.31,1.671c-0.163,0.42-0.358,0.72-0.673,1.035 c-0.315,0.315-0.615,0.51-1.035,0.673c-0.317,0.123-0.794,0.27-1.671,0.31c-0.949,0.043-1.233,0.052-3.637,0.052 s-2.688-0.009-3.637-0.052c-0.877-0.04-1.354-0.187-1.671-0.31c-0.42-0.163-0.72-0.358-1.035-0.673 c-0.315-0.315-0.51-0.615-0.673-1.035c-0.123-0.317-0.27-0.794-0.31-1.671C4.631,14.688,4.622,14.403,4.622,12 s0.009-2.688,0.052-3.637c0.04-0.877,0.187-1.354,0.31-1.671c0.163-0.42,0.358-0.72,0.673-1.035 c0.315-0.315,0.615-0.51,1.035-0.673c0.317-0.123,0.794-0.27,1.671-0.31C9.312,4.631,9.597,4.622,12,4.622 M12,3 C9.556,3,9.249,3.01,8.289,3.054C7.331,3.098,6.677,3.25,6.105,3.472C5.513,3.702,5.011,4.01,4.511,4.511 c-0.5,0.5-0.808,1.002-1.038,1.594C3.25,6.677,3.098,7.331,3.054,8.289C3.01,9.249,3,9.556,3,12c0,2.444,0.01,2.751,0.054,3.711 c0.044,0.958,0.196,1.612,0.418,2.185c0.23,0.592,0.538,1.094,1.038,1.594c0.5,0.5,1.002,0.808,1.594,1.038 c0.572,0.222,1.227,0.375,2.185,0.418C9.249,20.99,9.556,21,12,21s2.751-0.01,3.711-0.054c0.958-0.044,1.612-0.196,2.185-0.418 c0.592-0.23,1.094-0.538,1.594-1.038c0.5-0.5,0.808-1.002,1.038-1.594c0.222-0.572,0.375-1.227,0.418-2.185 C20.99,14.751,21,14.444,21,12s-0.01-2.751-0.054-3.711c-0.044-0.958-0.196-1.612-0.418-2.185c-0.23-0.592-0.538-1.094-1.038-1.594 c-0.5-0.5-1.002-0.808-1.594-1.038c-0.572-0.222-1.227-0.375-2.185-0.418C14.751,3.01,14.444,3,12,3L12,3z M12,7.378 c-2.552,0-4.622,2.069-4.622,4.622S9.448,16.622,12,16.622s4.622-2.069,4.622-4.622S14.552,7.378,12,7.378z M12,15 c-1.657,0-3-1.343-3-3s1.343-3,3-3s3,1.343,3,3S13.657,15,12,15z M16.804,6.116c-0.596,0-1.08,0.484-1.08,1.08 s0.484,1.08,1.08,1.08c0.596,0,1.08-0.484,1.08-1.08S17.401,6.116,16.804,6.116z\"><\/path><\/svg><span class=\"wp-block-social-link-label screen-reader-text\">Instagram<\/span><\/a><\/li>\n\n<li class=\"wp-social-link wp-social-link-facebook  wp-block-social-link\"><a href=\"https:\/\/www.facebook.com\/havanajourneys\/\" class=\"wp-block-social-link-anchor\"><svg width=\"24\" height=\"24\" viewbox=\"0 0 24 24\" version=\"1.1\" xmlns=\"http:\/\/www.w3.org\/2000\/svg\" aria-hidden=\"true\" focusable=\"false\"><path d=\"M12 2C6.5 2 2 6.5 2 12c0 5 3.7 9.1 8.4 9.9v-7H7.9V12h2.5V9.8c0-2.5 1.5-3.9 3.8-3.9 1.1 0 2.2.2 2.2.2v2.5h-1.3c-1.2 0-1.6.8-1.6 1.6V12h2.8l-.4 2.9h-2.3v7C18.3 21.1 22 17 22 12c0-5.5-4.5-10-10-10z\"><\/path><\/svg><span class=\"wp-block-social-link-label screen-reader-text\">Facebook<\/span><\/a><\/li><\/ul>\n\n\n\n<p>Cuba a officiellement introduit un nouveau syst\u00e8me pour entrer dans le pays : le e-visa. Le e-visa est un processus simplifi\u00e9 et plus direct pour les voyageurs qui n\u00e9cessitent une carte de touriste pour entrer dans l'\u00eele. En d'autres termes, il ne sera plus n\u00e9cessaire de porter la carte de touriste physique qui \u00e9tait requise par le pass\u00e9. Cependant, pour les voyageurs qui ont d\u00e9j\u00e0 obtenu une carte de touriste physique, celle-ci restera valable jusqu'au 31 d\u00e9cembre 2024.<\/p>\n\n\n\n<h2 class=\"wp-block-heading has-medium-font-size\" id=\"h-entry-requirements-for-cuba-for-most-visitors\"><strong>Conditions d'entr\u00e9e \u00e0 Cuba pour la plupart des visiteurs<\/strong><\/h2>\n\n\n\n<ol class=\"wp-block-list\">\n<li><strong>Passeport valide.<\/strong><\/li>\n\n\n\n<li><strong>Assurance sant\u00e9.<\/strong> Les visiteurs doivent avoir une assurance sant\u00e9 valide. Parfois, les autorit\u00e9s demandent une preuve \u00e0 l'arriv\u00e9e.<\/li>\n\n\n\n<li><strong>E-visa:<\/strong> Doit \u00eatre obtenu en ligne. Il n'est valable que pour une arriv\u00e9e par avion. Une fois approuv\u00e9, vous recevrez par e-mail un code de visa avec lequel vous pourrez compl\u00e9ter la troisi\u00e8me exigence d'entr\u00e9e. Peut \u00eatre demand\u00e9 \u00e0 l'avance puisqu'il est valable pour 90 jours.<\/li>\n\n\n\n<li><strong>Entr\u00e9e et D\u00e9claration en Douane D'Viajeros:<\/strong> Il s'agit de la troisi\u00e8me exigence d'entr\u00e9e, qui peut \u00eatre compl\u00e9t\u00e9e dans les 7 jours pr\u00e9c\u00e9dant l'atterrissage de votre vol \u00e0 Cuba. Vous devez remplir ce formulaire en ligne, entrer votre code de visa et pr\u00e9senter le PDF ou le code QR \u00e0 votre arriv\u00e9e \u00e0 Cuba. Ci-dessous, les liens pour acc\u00e9der \u00e0 ces formulaires.<\/li>\n<\/ol>\n\n\n\n<div class=\"wp-block-buttons is-content-justification-center is-layout-flex wp-container-core-buttons-is-layout-16018d1d wp-block-buttons-is-layout-flex\">\n<div class=\"wp-block-button\"><a class=\"wp-block-button__link has-white-color has-text-color has-link-color wp-element-button\" href=\"https:\/\/evisacuba.cu\/en\/inicio\">E-visa<\/a><\/div>\n\n\n\n<div class=\"wp-block-button\"><a class=\"wp-block-button__link has-white-color has-text-color has-link-color wp-element-button\" href=\"https:\/\/www.dviajeros.mitrans.gob.cu\/inicio\">Formulaire D'Viajeros<\/a><\/div>\n<\/div>\n\n\n\n<div style=\"height:20px\" aria-hidden=\"true\" class=\"wp-block-spacer\"><\/div>\n\n\n\n<h2 class=\"wp-block-heading has-medium-font-size\" id=\"h-who-must-obtain-a-visa-directly-with-a-cuban-consulate\"> <strong>Qui doit obtenir un visa directement aupr\u00e8s d'un consulat cubain?<\/strong><\/h2>\n\n\n\n<p>Les nationalit\u00e9s suivantes doivent obtenir un visa directement aupr\u00e8s d'un consulat cubain : <\/p>\n\n\n\n<figure class=\"wp-block-image size-full is-resized\"><img loading=\"lazy\" decoding=\"async\" width=\"654\" height=\"354\" src=\"https:\/\/havanajourneys.com\/wp-content\/uploads\/2024\/10\/visa-countries.png\" alt=\"\" class=\"wp-image-1876\" style=\"width:440px;height:auto\" srcset=\"https:\/\/havanajourneys.com\/wp-content\/uploads\/2024\/10\/visa-countries.png 654w, https:\/\/havanajourneys.com\/wp-content\/uploads\/2024\/10\/visa-countries-300x162.png 300w, https:\/\/havanajourneys.com\/wp-content\/uploads\/2024\/10\/visa-countries-18x10.png 18w\" sizes=\"auto, (max-width: 654px) 100vw, 654px\" \/><\/figure>\n\n\n\n<h2 class=\"wp-block-heading has-medium-font-size\" id=\"h-who-is-visa-exempt-for-cuba\"><strong>Qui est exempt\u00e9 de visa pour Cuba ?<\/strong><\/h2>\n\n\n\n<p>Les citoyens des pays suivants sont <strong>visa exempt:<\/strong> Namibie, Bosnie-Herz\u00e9govine, Chine, Kenya, Malaisie, Russie, Mont\u00e9n\u00e9gro, Serbie, Mac\u00e9doine du Nord, \u00c9mirats Arabes Unis, Grenade, Saint-Vincent-et-les-Grenadines, Antigua-et-Barbuda, Mongolie, Sainte-Lucie, Bi\u00e9lorussie, Saint-Christophe-et-Ni\u00e9v\u00e8s, Singapour, Barbade, Dominique. *** Pour des informations plus pr\u00e9cises concernant l'exemption de visa, nous vous recommandons de contacter le consulat cubain de votre pays pour \u00eatre s\u00fbr \u00e0 100 %, car cela pourrait changer.<\/p>\n\n\n\n<h2 class=\"wp-block-heading has-medium-font-size\" id=\"h-who-requires-an-e-visa-for-cuba\"><strong>Qui a besoin d'un e-visa pour Cuba ?<\/strong><\/h2>\n\n\n\n<p>Si vous n'\u00eates pas citoyen des pays mentionn\u00e9s ci-dessus, vous pouvez alors demander le e-visa simplifi\u00e9. C'est le cas pour les citoyens des \u00c9tats-Unis, du Canada, de l'Union europ\u00e9enne, entre autres.<\/p>\n\n\n\n<h2 class=\"wp-block-heading has-medium-font-size\" id=\"h-process-to-obtain-the-e-visa\"><strong>Proc\u00e9dure pour obtenir le e-visa :<\/strong><\/h2>\n\n\n\n<ol class=\"wp-block-list\">\n<li>Vous devez visiter le site (<a href=\"https:\/\/evisacuba.cu\/en\/inicio\">e-Visa Cuba<\/a>) et d\u00e9marrer une demande. Vous aurez besoin d'un num\u00e9ro de passeport valide et d'une adresse e-mail, car le code du visa vous sera envoy\u00e9 par e-mail.<\/li>\n\n\n\n<li>Vous devez choisir votre nationalit\u00e9 dans une liste de pays ainsi que le consulat aupr\u00e8s duquel vous souhaitez faire la demande.<\/li>\n\n\n\n<li>Le prix et le mode de paiement d\u00e9pendent de votre nationalit\u00e9. Actuellement, il n'est pas possible de payer par carte de cr\u00e9dit, mais vous pouvez transf\u00e9rer les frais de visa au consulat cubain choisi.<\/li>\n\n\n\n<li>Vous remplissez le formulaire avec vos donn\u00e9es personnelles.<\/li>\n\n\n\n<li>Vous transf\u00e9rez l'argent et t\u00e9l\u00e9chargez la preuve de paiement avec votre demand<\/li>\n\n\n\n<li>Dans un d\u00e9lai de 3 jours ouvrables, vous recevrez un e-mail avec le code de visa, sauf si les autorit\u00e9s cubaines en d\u00e9cident autrement.<\/li>\n<\/ol>\n\n\n\n<h2 class=\"wp-block-heading has-medium-font-size\" id=\"h-what-to-keep-in-mind\"><strong>Que faut-il garder \u00e0 l'esprit ?<\/strong><\/h2>\n\n\n\n<ul class=\"wp-block-list\">\n<li>Le e-visa est valable pendant 12 mois \u00e0 partir du moment o\u00f9 vous le recevez. Cependant, le e-visa vous autorise \u00e0 entrer dans le pays pour une dur\u00e9e de 90 jours uniquement \u00e0 l'arriv\u00e9e. Cela signifie que vous pouvez demander le e-visa bien \u00e0 l'avance pour voyager sans stress.<\/li>\n\n\n\n<li>Le e-visa seul ne suffit pas, N'OUBLIEZ PAS de remplir le <a href=\"https:\/\/www.dviajeros.mitrans.gob.cu\/inicio\">Formulaire D'Viajeros<\/a> dans les 7 jours pr\u00e9c\u00e9dant votre vol pour Cuba. Vous devrez entrer le code du e-visa. Les autorit\u00e9s cubaines exigeront ce formulaire \u00e0 l'arriv\u00e9e.<\/li>\n<\/ul>\n\n\n\n<h2 class=\"wp-block-heading has-medium-font-size\" id=\"h-follow-us-for-more-content-0\"><strong>Suivez-nous pour plus de contenu<\/strong><\/h2>\n\n\n\n<ul class=\"wp-block-social-links is-layout-flex wp-block-social-links-is-layout-flex\"><li class=\"wp-social-link wp-social-link-instagram  wp-block-social-link\"><a href=\"https:\/\/www.instagram.com\/havanajourneys_tours\/\" class=\"wp-block-social-link-anchor\"><svg width=\"24\" height=\"24\" viewbox=\"0 0 24 24\" version=\"1.1\" xmlns=\"http:\/\/www.w3.org\/2000\/svg\" aria-hidden=\"true\" focusable=\"false\"><path d=\"M12,4.622c2.403,0,2.688,0.009,3.637,0.052c0.877,0.04,1.354,0.187,1.671,0.31c0.42,0.163,0.72,0.358,1.035,0.673 c0.315,0.315,0.51,0.615,0.673,1.035c0.123,0.317,0.27,0.794,0.31,1.671c0.043,0.949,0.052,1.234,0.052,3.637 s-0.009,2.688-0.052,3.637c-0.04,0.877-0.187,1.354-0.31,1.671c-0.163,0.42-0.358,0.72-0.673,1.035 c-0.315,0.315-0.615,0.51-1.035,0.673c-0.317,0.123-0.794,0.27-1.671,0.31c-0.949,0.043-1.233,0.052-3.637,0.052 s-2.688-0.009-3.637-0.052c-0.877-0.04-1.354-0.187-1.671-0.31c-0.42-0.163-0.72-0.358-1.035-0.673 c-0.315-0.315-0.51-0.615-0.673-1.035c-0.123-0.317-0.27-0.794-0.31-1.671C4.631,14.688,4.622,14.403,4.622,12 s0.009-2.688,0.052-3.637c0.04-0.877,0.187-1.354,0.31-1.671c0.163-0.42,0.358-0.72,0.673-1.035 c0.315-0.315,0.615-0.51,1.035-0.673c0.317-0.123,0.794-0.27,1.671-0.31C9.312,4.631,9.597,4.622,12,4.622 M12,3 C9.556,3,9.249,3.01,8.289,3.054C7.331,3.098,6.677,3.25,6.105,3.472C5.513,3.702,5.011,4.01,4.511,4.511 c-0.5,0.5-0.808,1.002-1.038,1.594C3.25,6.677,3.098,7.331,3.054,8.289C3.01,9.249,3,9.556,3,12c0,2.444,0.01,2.751,0.054,3.711 c0.044,0.958,0.196,1.612,0.418,2.185c0.23,0.592,0.538,1.094,1.038,1.594c0.5,0.5,1.002,0.808,1.594,1.038 c0.572,0.222,1.227,0.375,2.185,0.418C9.249,20.99,9.556,21,12,21s2.751-0.01,3.711-0.054c0.958-0.044,1.612-0.196,2.185-0.418 c0.592-0.23,1.094-0.538,1.594-1.038c0.5-0.5,0.808-1.002,1.038-1.594c0.222-0.572,0.375-1.227,0.418-2.185 C20.99,14.751,21,14.444,21,12s-0.01-2.751-0.054-3.711c-0.044-0.958-0.196-1.612-0.418-2.185c-0.23-0.592-0.538-1.094-1.038-1.594 c-0.5-0.5-1.002-0.808-1.594-1.038c-0.572-0.222-1.227-0.375-2.185-0.418C14.751,3.01,14.444,3,12,3L12,3z M12,7.378 c-2.552,0-4.622,2.069-4.622,4.622S9.448,16.622,12,16.622s4.622-2.069,4.622-4.622S14.552,7.378,12,7.378z M12,15 c-1.657,0-3-1.343-3-3s1.343-3,3-3s3,1.343,3,3S13.657,15,12,15z M16.804,6.116c-0.596,0-1.08,0.484-1.08,1.08 s0.484,1.08,1.08,1.08c0.596,0,1.08-0.484,1.08-1.08S17.401,6.116,16.804,6.116z\"><\/path><\/svg><span class=\"wp-block-social-link-label screen-reader-text\">Instagram<\/span><\/a><\/li>\n\n<li class=\"wp-social-link wp-social-link-facebook  wp-block-social-link\"><a href=\"https:\/\/www.facebook.com\/havanajourneys\/\" class=\"wp-block-social-link-anchor\"><svg width=\"24\" height=\"24\" viewbox=\"0 0 24 24\" version=\"1.1\" xmlns=\"http:\/\/www.w3.org\/2000\/svg\" aria-hidden=\"true\" focusable=\"false\"><path d=\"M12 2C6.5 2 2 6.5 2 12c0 5 3.7 9.1 8.4 9.9v-7H7.9V12h2.5V9.8c0-2.5 1.5-3.9 3.8-3.9 1.1 0 2.2.2 2.2.2v2.5h-1.3c-1.2 0-1.6.8-1.6 1.6V12h2.8l-.4 2.9h-2.3v7C18.3 21.1 22 17 22 12c0-5.5-4.5-10-10-10z\"><\/path><\/svg><span class=\"wp-block-social-link-label screen-reader-text\">Facebook<\/span><\/a><\/li><\/ul>","protected":false},"excerpt":{"rendered":"<p>Everything about the new procedure. Follow us for more content: Cuba has officially introduced a new system to enter the country: the e-visa. The e-visa is a simplified and more straightforward process for those travelers who require a tourist card to enter the island nation. In other words, it will no longer be necessary to<\/p>\n<div><a class=\"btn-filled btn\" href=\"https:\/\/havanajourneys.com\/fr\/e-visa-for-cuba\/\" title=\"E-visa pour Cuba\">Lire la suite<\/a><\/div>","protected":false},"author":1,"featured_media":0,"parent":0,"menu_order":0,"comment_status":"closed","ping_status":"closed","template":"","meta":{"footnotes":""},"class_list":["post-1873","page","type-page","status-publish","hentry"],"yoast_head":"<!-- This site is optimized with the Yoast SEO Premium plugin v24.9 (Yoast SEO v27.3) - https:\/\/yoast.com\/product\/yoast-seo-premium-wordpress\/ -->\n<title>E-visa for Cuba - Havana Journeys<\/title>\n<meta name=\"description\" content=\"&quot;Learn all about Cuba&#039;s new eVisa system in our latest guide! How to apply online, entry requirements for Cuba. Travel stress-free\" \/>\n<meta name=\"robots\" content=\"index, follow, max-snippet:-1, max-image-preview:large, max-video-preview:-1\" \/>\n<link rel=\"canonical\" href=\"https:\/\/havanajourneys.com\/fr\/e-visa-for-cuba\/\" \/>\n<meta property=\"og:locale\" content=\"fr_FR\" \/>\n<meta property=\"og:type\" content=\"article\" \/>\n<meta property=\"og:title\" content=\"E-visa for Cuba\" \/>\n<meta property=\"og:description\" content=\"&quot;Learn all about Cuba&#039;s new eVisa system in our latest guide! How to apply online, entry requirements for Cuba. Travel stress-free\" \/>\n<meta property=\"og:url\" content=\"https:\/\/havanajourneys.com\/fr\/e-visa-for-cuba\/\" \/>\n<meta property=\"og:site_name\" content=\"Havana Journeys\" \/>\n<meta property=\"article:publisher\" content=\"https:\/\/www.facebook.com\/havanajourneys\" \/>\n<meta property=\"article:modified_time\" content=\"2024-10-31T20:35:16+00:00\" \/>\n<meta property=\"og:image\" content=\"https:\/\/havanajourneys.com\/wp-content\/uploads\/2024\/10\/e-visa-cuba.jpg\" \/>\n<meta name=\"twitter:card\" content=\"summary_large_image\" \/>\n<meta name=\"twitter:label1\" content=\"Dur\u00e9e de lecture estim\u00e9e\" \/>\n\t<meta name=\"twitter:data1\" content=\"3 minutes\" \/>\n<script type=\"application\/ld+json\" class=\"yoast-schema-graph\">{\"@context\":\"https:\\\/\\\/schema.org\",\"@graph\":[{\"@type\":\"WebPage\",\"@id\":\"https:\\\/\\\/havanajourneys.com\\\/e-visa-for-cuba\\\/\",\"url\":\"https:\\\/\\\/havanajourneys.com\\\/e-visa-for-cuba\\\/\",\"name\":\"E-visa for Cuba - Havana Journeys\",\"isPartOf\":{\"@id\":\"https:\\\/\\\/havanajourneys.com\\\/#website\"},\"primaryImageOfPage\":{\"@id\":\"https:\\\/\\\/havanajourneys.com\\\/e-visa-for-cuba\\\/#primaryimage\"},\"image\":{\"@id\":\"https:\\\/\\\/havanajourneys.com\\\/e-visa-for-cuba\\\/#primaryimage\"},\"thumbnailUrl\":\"https:\\\/\\\/havanajourneys.com\\\/wp-content\\\/uploads\\\/2024\\\/10\\\/e-visa-cuba.jpg\",\"datePublished\":\"2024-10-31T18:05:00+00:00\",\"dateModified\":\"2024-10-31T20:35:16+00:00\",\"description\":\"\\\"Learn all about Cuba's new eVisa system in our latest guide! How to apply online, entry requirements for Cuba. Travel stress-free\",\"breadcrumb\":{\"@id\":\"https:\\\/\\\/havanajourneys.com\\\/e-visa-for-cuba\\\/#breadcrumb\"},\"inLanguage\":\"fr-FR\",\"potentialAction\":[{\"@type\":\"ReadAction\",\"target\":[\"https:\\\/\\\/havanajourneys.com\\\/e-visa-for-cuba\\\/\"]}]},{\"@type\":\"ImageObject\",\"inLanguage\":\"fr-FR\",\"@id\":\"https:\\\/\\\/havanajourneys.com\\\/e-visa-for-cuba\\\/#primaryimage\",\"url\":\"https:\\\/\\\/havanajourneys.com\\\/wp-content\\\/uploads\\\/2024\\\/10\\\/e-visa-cuba.jpg\",\"contentUrl\":\"https:\\\/\\\/havanajourneys.com\\\/wp-content\\\/uploads\\\/2024\\\/10\\\/e-visa-cuba.jpg\"},{\"@type\":\"BreadcrumbList\",\"@id\":\"https:\\\/\\\/havanajourneys.com\\\/e-visa-for-cuba\\\/#breadcrumb\",\"itemListElement\":[{\"@type\":\"ListItem\",\"position\":1,\"name\":\"Portada\",\"item\":\"https:\\\/\\\/havanajourneys.com\\\/\"},{\"@type\":\"ListItem\",\"position\":2,\"name\":\"E-visa for Cuba\"}]},{\"@type\":\"WebSite\",\"@id\":\"https:\\\/\\\/havanajourneys.com\\\/#website\",\"url\":\"https:\\\/\\\/havanajourneys.com\\\/\",\"name\":\"havanajourneys.com\",\"description\":\"Discover Cuba through the eyes of a local\",\"publisher\":{\"@id\":\"https:\\\/\\\/havanajourneys.com\\\/#organization\"},\"potentialAction\":[{\"@type\":\"SearchAction\",\"target\":{\"@type\":\"EntryPoint\",\"urlTemplate\":\"https:\\\/\\\/havanajourneys.com\\\/?s={search_term_string}\"},\"query-input\":{\"@type\":\"PropertyValueSpecification\",\"valueRequired\":true,\"valueName\":\"search_term_string\"}}],\"inLanguage\":\"fr-FR\"},{\"@type\":\"Organization\",\"@id\":\"https:\\\/\\\/havanajourneys.com\\\/#organization\",\"name\":\"Havana Journeys\",\"url\":\"https:\\\/\\\/havanajourneys.com\\\/\",\"logo\":{\"@type\":\"ImageObject\",\"inLanguage\":\"fr-FR\",\"@id\":\"https:\\\/\\\/havanajourneys.com\\\/#\\\/schema\\\/logo\\\/image\\\/\",\"url\":\"https:\\\/\\\/havanajourneys.com\\\/wp-content\\\/uploads\\\/2017\\\/09\\\/cropped-logo-1.png\",\"contentUrl\":\"https:\\\/\\\/havanajourneys.com\\\/wp-content\\\/uploads\\\/2017\\\/09\\\/cropped-logo-1.png\",\"width\":252,\"height\":55,\"caption\":\"Havana Journeys\"},\"image\":{\"@id\":\"https:\\\/\\\/havanajourneys.com\\\/#\\\/schema\\\/logo\\\/image\\\/\"},\"sameAs\":[\"https:\\\/\\\/www.facebook.com\\\/havanajourneys\"]}]}<\/script>\n<!-- \/ Yoast SEO Premium plugin. -->","yoast_head_json":{"title":"E-visa for Cuba - Havana Journeys","description":"\"Learn all about Cuba's new eVisa system in our latest guide! How to apply online, entry requirements for Cuba. Travel stress-free","robots":{"index":"index","follow":"follow","max-snippet":"max-snippet:-1","max-image-preview":"max-image-preview:large","max-video-preview":"max-video-preview:-1"},"canonical":"https:\/\/havanajourneys.com\/fr\/e-visa-for-cuba\/","og_locale":"fr_FR","og_type":"article","og_title":"E-visa for Cuba","og_description":"\"Learn all about Cuba's new eVisa system in our latest guide! How to apply online, entry requirements for Cuba. Travel stress-free","og_url":"https:\/\/havanajourneys.com\/fr\/e-visa-for-cuba\/","og_site_name":"Havana Journeys","article_publisher":"https:\/\/www.facebook.com\/havanajourneys","article_modified_time":"2024-10-31T20:35:16+00:00","og_image":[{"url":"https:\/\/havanajourneys.com\/wp-content\/uploads\/2024\/10\/e-visa-cuba.jpg","type":"","width":"","height":""}],"twitter_card":"summary_large_image","twitter_misc":{"Dur\u00e9e de lecture estim\u00e9e":"3 minutes"},"schema":{"@context":"https:\/\/schema.org","@graph":[{"@type":"WebPage","@id":"https:\/\/havanajourneys.com\/e-visa-for-cuba\/","url":"https:\/\/havanajourneys.com\/e-visa-for-cuba\/","name":"E-visa for Cuba - Havana Journeys","isPartOf":{"@id":"https:\/\/havanajourneys.com\/#website"},"primaryImageOfPage":{"@id":"https:\/\/havanajourneys.com\/e-visa-for-cuba\/#primaryimage"},"image":{"@id":"https:\/\/havanajourneys.com\/e-visa-for-cuba\/#primaryimage"},"thumbnailUrl":"https:\/\/havanajourneys.com\/wp-content\/uploads\/2024\/10\/e-visa-cuba.jpg","datePublished":"2024-10-31T18:05:00+00:00","dateModified":"2024-10-31T20:35:16+00:00","description":"\"Learn all about Cuba's new eVisa system in our latest guide! How to apply online, entry requirements for Cuba. Travel stress-free","breadcrumb":{"@id":"https:\/\/havanajourneys.com\/e-visa-for-cuba\/#breadcrumb"},"inLanguage":"fr-FR","potentialAction":[{"@type":"ReadAction","target":["https:\/\/havanajourneys.com\/e-visa-for-cuba\/"]}]},{"@type":"ImageObject","inLanguage":"fr-FR","@id":"https:\/\/havanajourneys.com\/e-visa-for-cuba\/#primaryimage","url":"https:\/\/havanajourneys.com\/wp-content\/uploads\/2024\/10\/e-visa-cuba.jpg","contentUrl":"https:\/\/havanajourneys.com\/wp-content\/uploads\/2024\/10\/e-visa-cuba.jpg"},{"@type":"BreadcrumbList","@id":"https:\/\/havanajourneys.com\/e-visa-for-cuba\/#breadcrumb","itemListElement":[{"@type":"ListItem","position":1,"name":"Portada","item":"https:\/\/havanajourneys.com\/"},{"@type":"ListItem","position":2,"name":"E-visa for Cuba"}]},{"@type":"WebSite","@id":"https:\/\/havanajourneys.com\/#website","url":"https:\/\/havanajourneys.com\/","name":"havanajourneys.com","description":"D\u00e9couvrez Cuba \u00e0 travers les yeux des Cubains.","publisher":{"@id":"https:\/\/havanajourneys.com\/#organization"},"potentialAction":[{"@type":"SearchAction","target":{"@type":"EntryPoint","urlTemplate":"https:\/\/havanajourneys.com\/?s={search_term_string}"},"query-input":{"@type":"PropertyValueSpecification","valueRequired":true,"valueName":"search_term_string"}}],"inLanguage":"fr-FR"},{"@type":"Organization","@id":"https:\/\/havanajourneys.com\/#organization","name":"Havana Journeys","url":"https:\/\/havanajourneys.com\/","logo":{"@type":"ImageObject","inLanguage":"fr-FR","@id":"https:\/\/havanajourneys.com\/#\/schema\/logo\/image\/","url":"https:\/\/havanajourneys.com\/wp-content\/uploads\/2017\/09\/cropped-logo-1.png","contentUrl":"https:\/\/havanajourneys.com\/wp-content\/uploads\/2017\/09\/cropped-logo-1.png","width":252,"height":55,"caption":"Havana Journeys"},"image":{"@id":"https:\/\/havanajourneys.com\/#\/schema\/logo\/image\/"},"sameAs":["https:\/\/www.facebook.com\/havanajourneys"]}]}},"_links":{"self":[{"href":"https:\/\/havanajourneys.com\/fr\/wp-json\/wp\/v2\/pages\/1873","targetHints":{"allow":["GET"]}}],"collection":[{"href":"https:\/\/havanajourneys.com\/fr\/wp-json\/wp\/v2\/pages"}],"about":[{"href":"https:\/\/havanajourneys.com\/fr\/wp-json\/wp\/v2\/types\/page"}],"author":[{"embeddable":true,"href":"https:\/\/havanajourneys.com\/fr\/wp-json\/wp\/v2\/users\/1"}],"replies":[{"embeddable":true,"href":"https:\/\/havanajourneys.com\/fr\/wp-json\/wp\/v2\/comments?post=1873"}],"version-history":[{"count":3,"href":"https:\/\/havanajourneys.com\/fr\/wp-json\/wp\/v2\/pages\/1873\/revisions"}],"predecessor-version":[{"id":1881,"href":"https:\/\/havanajourneys.com\/fr\/wp-json\/wp\/v2\/pages\/1873\/revisions\/1881"}],"wp:attachment":[{"href":"https:\/\/havanajourneys.com\/fr\/wp-json\/wp\/v2\/media?parent=1873"}],"curies":[{"name":"wp","href":"https:\/\/api.w.org\/{rel}","templated":true}]}}